{"id":86,"date":"2019-06-13T08:02:02","date_gmt":"2019-06-13T08:02:02","guid":{"rendered":"https:\/\/demo2.madrasthemes.com\/front-demos\/main\/?page_id=86"},"modified":"2022-02-09T09:41:49","modified_gmt":"2022-02-09T12:41:49","slug":"terms-conditions","status":"publish","type":"page","link":"https:\/\/shop.regedent.com\/it\/terms-conditions\/","title":{"rendered":"Condizioni Generali di Vendita"},"content":{"rendered":"\n<h2 class=\"wp-block-heading\" id=\"condizione-di-vendita-shop\">Condizione di vendita Shop&nbsp;<\/h2>\n\n\n\n<p>Le presenti condizioni generali di vendita regolano tutti gli attuali e futuri contratti di vendita tra Regedent Italia S.r.l., con sede in via Enrico Fermi 18, Sandrigo, CF&nbsp; e Partita IVA 04303930244 e qualsivoglia persona giuridica o professionista soggetto IVA (di seguito \u201cAcquirente\u201d) per l\u2019acquisto dei prodotti di Regedent Italia.&nbsp;<\/p>\n\n\n\n<h3 class=\"wp-block-heading\" id=\"politica-dei-resi\">POLITICA DEI RESI<\/h3>\n\n\n\n<p>Non si accettano resi non concordati preventivamente con la sede.<br>I resi autorizzati avvengono solo per sostituzione, entro 15 giorni dalla consegna dei prodotti, nel caso di errore nella formulazione dell\u2019ordine da parte dell\u2019Acquirente o di errata evasione da parte di Regedent.<br>I prodotti resi autorizzati devono esser confermati e approvati prima per iscritto da Regedent Italia, previo controllo di lotti, scadenze e numero di pezzi.<br>I Prodotti integri dovranno essere restituiti in un imballaggio rigido presso la nostra sede di Regedent Italia, con <a href=\"https:\/\/drive.google.com\/file\/d\/1n1wLFOLtXbaAoBWhyPHM7_oW8MDFGl7S\/view?usp=sharing\">documento di reso<\/a> con indicate quantit\u00e0, lotto e scadenza.&nbsp;<\/p>\n\n\n\n<h3 class=\"wp-block-heading\" id=\"trattamento-dei-dati-personali\">TRATTAMENTO DEI DATI PERSONALI&nbsp;<\/h3>\n\n\n\n<p>L\u2019Acquirente fornisce il proprio consenso all\u2019utilizzo dei propri dati personali al fine della esecuzione del contratto, prendendo atto che Regedent Italia nel trattamento dei suddetti dati osserver\u00e0 i principi di cui al Reg. UE n. 679\/2016.<\/p>\n\n\n\n<h3 class=\"wp-block-heading\" id=\"legge-regolatrice-e-foro-competente\">LEGGE REGOLATRICE E FORO COMPETENTE<\/h3>\n\n\n\n<p>Le presenti Condizioni di Vendita sono regolate dal diritto italiano. Per qualsiasi controversia tra le parti in relazione alle presenti Condizioni di Vendita e\/o dei contratti stipulati in base alle stesse sar\u00e0 competente in via esclusiva il Foro di Vicenza, con esclusione di qualsivoglia altro foro concorrente e\/o alternativo.<\/p>\n\n\n\n<h3 class=\"wp-block-heading\" id=\"forza-maggiore\">FORZA MAGGIORE<\/h3>\n\n\n\n<p>Qualora Regedent Italia fosse impossibilitata a consegnare i Prodotti per fatti straordinari ed imprevedibili indipendenti dalla sua volont\u00e0, gli obblighi di Regedent Italia di effettuare le consegne dovranno considerarsi sospesi finch\u00e9 perdureranno tali impedimenti. Regedent Italia avr\u00e0 l\u2019onere di comunicare all\u2019Acquirente se intende prorogare le tempistiche pattuite per la consegna o recedere dall\u2019accordo di vendita, senza incorrere in responsabilit\u00e0 di alcun tipo.&nbsp;<\/p>\n\n\n\n<h3 class=\"wp-block-heading\" id=\"consegna\">CONSEGNA&nbsp;<\/h3>\n\n\n\n<p>I termini di consegna sono di 48-72 h ore lavorative, a seconda della destinazioni.<br>In caso di bonifico anticipato, l\u2019ordine verr\u00e0 evaso solo al momento dell&#8217;accredito dell&#8217;importo sul conto corrente di Regedent Italia.&nbsp;<\/p>\n\n\n\n<p>La consegna \u00e8 effettuata \u201cfranco magazzino Regedent Italia\/Regedent AG\u201d, pertanto i costi di trasporto, oltre che i rischi e i pericoli da esso derivanti (danni e imprevisti dal momento della consegna al corriere), sono a carico dell\u2019Acquirente, cessando ogni responsabilit\u00e0 di Regedent Italia\/Regedent AG.<\/p>\n\n\n\n<p>In nessun caso l\u2019Acquirente potr\u00e0 pretendere indennizzi e\/o risarcimenti per presunti danni diretti o indiretti dovuti al ritardo nella consegna.<br><br>Eventuali ritardi non danno diritto all&#8217;annullamento dell&#8217;ordine o al rifiuto della merce.<\/p>\n\n\n\n<p>La spedizione ed il trasporto dei prodotti avvengono a cura di Regedent, eventuali danni o imprevisti dal momento della consegna al corriere per la spedizione destinata all\u2019Acquirente sono a carico dell\u2019acquirente.&nbsp;<\/p>\n\n\n\n<h3 class=\"wp-block-heading\" id=\"reclami\">RECLAMI&nbsp;<\/h3>\n\n\n\n<p>Eventuali reclami saranno validi entro 8 giorni dalla consegna della merce e da comunicare per iscritto tramite e-mail.<br>In caso di contestazione della merce consegnata, in caso di ordine errato, l\u2019Acquirente si impegna a conservarla a nostra disposizione e a non usare, neppure parzialmente, i prodotti acquistati.<\/p>\n\n\n\n<p>La nostra responsabilit\u00e0 non si estende alle conseguenze dell&#8217;impiego dei prodotti.Per qualsiasi ulteriore informazione potr\u00e0 rivolgersi al Team di Regedent Italia tramite e-mail all&#8217;indirizzo&nbsp;<a href=\"mailto:info@regedent.it\">info@regedent.it<\/a><\/p>\n","protected":false},"excerpt":{"rendered":"<p>Condizione di vendita Shop&nbsp; Le presenti condizioni generali di vendita regolano tutti gli attuali e futuri contratti di vendita tra Regedent Italia S.r.l., con sede in via Enrico Fermi 18, Sandrigo, CF&nbsp; e Partita IVA 04303930244 e qualsivoglia persona giuridica o professionista soggetto IVA (di seguito \u201cAcquirente\u201d) per l\u2019acquisto dei prodotti di Regedent Italia.&nbsp; POLITICA&#8230;<\/p>\n","protected":false},"author":1,"featured_media":0,"parent":0,"menu_order":0,"comment_status":"closed","ping_status":"closed","template":"template-terms-conditions.php","meta":{"footnotes":"","_front_options":"{\"isCustomHeader\":true,\"hidePageHeader\":true,\"headerStaticContentID\":5118,\"disableContainer\":true}"},"_links":{"self":[{"href":"https:\/\/shop.regedent.com\/it\/wp-json\/wp\/v2\/pages\/86"}],"collection":[{"href":"https:\/\/shop.regedent.com\/it\/wp-json\/wp\/v2\/pages"}],"about":[{"href":"https:\/\/shop.regedent.com\/it\/wp-json\/wp\/v2\/types\/page"}],"author":[{"embeddable":true,"href":"https:\/\/shop.regedent.com\/it\/wp-json\/wp\/v2\/users\/1"}],"replies":[{"embeddable":true,"href":"https:\/\/shop.regedent.com\/it\/wp-json\/wp\/v2\/comments?post=86"}],"version-history":[{"count":9,"href":"https:\/\/shop.regedent.com\/it\/wp-json\/wp\/v2\/pages\/86\/revisions"}],"predecessor-version":[{"id":12357,"href":"https:\/\/shop.regedent.com\/it\/wp-json\/wp\/v2\/pages\/86\/revisions\/12357"}],"wp:attachment":[{"href":"https:\/\/shop.regedent.com\/it\/wp-json\/wp\/v2\/media?parent=86"}],"curies":[{"name":"wp","href":"https:\/\/api.w.org\/{rel}","templated":true}]}}