{"id":11789,"date":"2021-08-11T11:34:36","date_gmt":"2021-08-11T14:34:36","guid":{"rendered":"https:\/\/shop.regedent.com\/it\/shop\/product-3\/"},"modified":"2026-04-01T07:40:26","modified_gmt":"2026-04-01T10:40:26","slug":"hyadent-bg-2-x-12-cc","status":"publish","type":"product","link":"https:\/\/shop.regedent.com\/it\/shop\/hyadent-bg-2-x-12-cc\/","title":{"rendered":"Hyadent BG 2 x 1.2ml"},"content":{"rendered":"<h3>Descrizione di Hyadent BG<\/h3>\n<p>Hyadent BG \u00e8 un gel di <a href=\"https:\/\/regedent.com\/it\/cross-linked-hyaluronic-acid\/\" target=\"_blank\" rel=\"noopener\">acido ialuronico reticolato<\/a> (xHyA) utilizzato in chirurgia per la recessione dei tessuti molli, la rigenerazione guidata dei tessuti (GTR) e la rigenerazione guidata dell&#8217;osso (GBR). Il gel di acido ialuronico reticolato ad alto peso molecolare e di origine non animale, \u00e8 utilizzato per applicazioni rigenerative parodontali e peri-implantari.<\/p>\n<p>&nbsp;<\/p>\n<h4>6 ragioni per usare il gel di acido ialuronico reticolato (xHyA &#8211; Hyadent BG) in chirurgia orale:<\/h4>\n<ol>\n<li><span class=\"font-weight-semi-bold\"><span class=\"has-inline-color has-primary-color\">Maggiore predicibilit\u00e0 dei risultati<\/span>\u00a0<\/span>&#8211; xHyA in Hyadent BG stabilizza il coagulo di sangue e attira i fattori di crescita per sostenere e accelerare la formazione di tessuti duri e molli. [15,19-23]<\/li>\n<li><span class=\"font-weight-semi-bold\"><span class=\"has-inline-color has-primary-color\">Guarigione pi\u00f9 rapida dei tessuti<\/span><\/span> &#8211; xHyA e HyA in Hyadent BG sostiene l&#8217;angiogenesi [5,16,19,24] e la formazione di tessuti [12,13,15-17] per un periodo prolungato. La sua speciale formulazione rimane presente durante le varie fasi del processo di guarigione grazie al suo lento riassorbimento\u00a0 (diverse settimane).[17]<\/li>\n<li><span class=\"font-weight-semi-bold\"><span class=\"has-inline-color has-primary-color\">Minor rischio di infezione<\/span><\/span> &#8211; L&#8217;alto peso molecolare di xHyA in Hyadent BG riduce il gonfiore e il disagio durante il processo di guarigione.[18,19]<\/li>\n<li><span class=\"font-weight-semi-bold\"><span class=\"has-inline-color has-primary-color\">Miglior comfort per il paziente<\/span>\u00a0<\/span>&#8211; L&#8217;alto peso molecolare di xHyA in Hyadent BG riduce il gonfiore e il disagio durante il processo di guarigione. [18,19]<\/li>\n<li><span class=\"font-weight-semi-bold\"><span class=\"has-inline-color has-primary-color\">Miglior estetica<\/span>\u00a0<\/span>&#8211; Sostiene la guarigione delle ferite senza cicatrici. [18,19]<\/li>\n<li><span class=\"font-weight-semi-bold\"><span class=\"has-inline-color has-primary-color\">Facile da usare<\/span><\/span> &#8211; Applicare direttamente sul sito chirurgico (in presenza di sangue), non risciacquare. xHyA in Hyadent BG pu\u00f2 essere combinato con Smartgraft per preparare uno &#8220;sticky bone&#8221;\u00a0 in 3 minuti.<\/li>\n<\/ol>\n<p>&nbsp;<\/p>\n<blockquote><p><a href=\"https:\/\/shop.regedent.com\/it\/regedent-products\/tissue-regenerator\/\" target=\"_blank\" rel=\"noopener\">&gt;&gt; Casi clinici con Hyadent BG<\/a><\/p><\/blockquote>\n<p>&nbsp;<\/p>\n<h4>Como funziona il gel di acido ialuronico reticolato in Hyadent BG?<\/h4>\n<p><img loading=\"lazy\" decoding=\"async\" class=\"alignleft wp-image-11704 size-medium\" src=\"https:\/\/i0.wp.com\/shop.regedent.com\/it\/wp-content\/uploads\/2020\/02\/WhatsApp-Image-2021-07-07-at-10.52.31.jpeg?resize=300%2C204&#038;ssl=1\" alt=\"Hyadent BG - 2 cartrudges of cross-linked hyaluronic acid gel xHyA\" width=\"300\" height=\"204\" srcset=\"https:\/\/i0.wp.com\/shop.regedent.com\/it\/wp-content\/uploads\/2020\/02\/WhatsApp-Image-2021-07-07-at-10.52.31.jpeg?resize=300%2C204&amp;ssl=1 300w, https:\/\/i0.wp.com\/shop.regedent.com\/it\/wp-content\/uploads\/2020\/02\/WhatsApp-Image-2021-07-07-at-10.52.31.jpeg?resize=600%2C408&amp;ssl=1 600w, https:\/\/i0.wp.com\/shop.regedent.com\/it\/wp-content\/uploads\/2020\/02\/WhatsApp-Image-2021-07-07-at-10.52.31.jpeg?resize=1024%2C696&amp;ssl=1 1024w, https:\/\/i0.wp.com\/shop.regedent.com\/it\/wp-content\/uploads\/2020\/02\/WhatsApp-Image-2021-07-07-at-10.52.31.jpeg?resize=768%2C522&amp;ssl=1 768w, https:\/\/i0.wp.com\/shop.regedent.com\/it\/wp-content\/uploads\/2020\/02\/WhatsApp-Image-2021-07-07-at-10.52.31.jpeg?resize=16%2C12&amp;ssl=1 16w, https:\/\/i0.wp.com\/shop.regedent.com\/it\/wp-content\/uploads\/2020\/02\/WhatsApp-Image-2021-07-07-at-10.52.31.jpeg?resize=24%2C16&amp;ssl=1 24w, https:\/\/i0.wp.com\/shop.regedent.com\/it\/wp-content\/uploads\/2020\/02\/WhatsApp-Image-2021-07-07-at-10.52.31.jpeg?resize=36%2C24&amp;ssl=1 36w, https:\/\/i0.wp.com\/shop.regedent.com\/it\/wp-content\/uploads\/2020\/02\/WhatsApp-Image-2021-07-07-at-10.52.31.jpeg?resize=48%2C33&amp;ssl=1 48w, https:\/\/i0.wp.com\/shop.regedent.com\/it\/wp-content\/uploads\/2020\/02\/WhatsApp-Image-2021-07-07-at-10.52.31.jpeg?resize=60%2C41&amp;ssl=1 60w, https:\/\/i0.wp.com\/shop.regedent.com\/it\/wp-content\/uploads\/2020\/02\/WhatsApp-Image-2021-07-07-at-10.52.31.jpeg?w=1470&amp;ssl=1 1470w\" sizes=\"(max-width: 300px) 100vw, 300px\" data-recalc-dims=\"1\" \/><\/p>\n<p>Il gel di <a href=\"https:\/\/regedent.com\/it\/cross-linked-hyaluronic-acid\/\" target=\"_blank\" rel=\"noopener\">acido ialuronico reticolato<\/a> \u00e8 progettato specificamente per l&#8217;applicazione nel campo della chirurgia dentale. xHyA, come uno dei componenti principali della matrice extracellulare, \u00e8 naturalmente presente nel corpo umano [6-8]. Gli studi hanno dimostrato che la presenza prolungata di xHyA durante il processo di guarigione promuove la guarigione mediante rigenerazione piuttosto che riparazione [9,10]. Oltre ad accelerare la guarigione dei tessuti molli e duri [11-13], le propriet\u00e0 batteriostatiche di xHyA proteggono anche la ferita [5].<\/p>\n<p>L&#8217;acido ialuronico reticolato in Hyadent BG rimane presente durante le varie fasi del processo di guarigione grazie al suo lento riassorbimento (diverse settimane) [14]. Inoltre, aiuta il trattamento chirurgico parodontale dopo l&#8217;applicazione sulla superficie radicolare e ai tessuti molli. Questo porta a una pi\u00f9 rapida chiusura della ferita, ad una sostanziale riduzione della tasca ed a un migliore attacco [1,3-4]. Quando viene miscelato con materiale sostitutivo dell&#8217;osso, come <a class=\"rank-math-link\" href=\"https:\/\/regedent.com\/it\/regedent-products\/porcine-bone-graft\/\" target=\"_blank\" rel=\"noreferrer noopener\" aria-label=\"Smartgraft (si apre in una nuova scheda)\"><span class=\"has-inline-color has-primary-color\"><strong>Smart<\/strong><\/span><span class=\"has-inline-color has-dark-color\"><strong>GRAFT<\/strong><\/span><\/a>, esso<strong><span class=\"has-inline-color has-dark-color\">\u00a0<\/span><\/strong>forma un putty facilmente gestibile, che pu\u00f2, inoltre, portare a una formazione ossea accelerata [15,16] ed a una riduzione del gonfiore e del dolore. [18,19]<\/p>\n<p>&nbsp;<\/p>\n<p>[content_control]<\/p>\n<p><strong><img loading=\"lazy\" decoding=\"async\" class=\"alignleft wp-image-10277 size-medium\" src=\"https:\/\/i0.wp.com\/shop.regedent.com\/it\/wp-content\/uploads\/2021\/01\/Capture.jpg?resize=300%2C206&#038;ssl=1\" alt=\"Hyadent BG mode of action in periodontal surgery\" width=\"300\" height=\"206\" srcset=\"https:\/\/i0.wp.com\/shop.regedent.com\/it\/wp-content\/uploads\/2021\/01\/Capture.jpg?resize=300%2C206&amp;ssl=1 300w, https:\/\/i0.wp.com\/shop.regedent.com\/it\/wp-content\/uploads\/2021\/01\/Capture.jpg?resize=600%2C413&amp;ssl=1 600w, https:\/\/i0.wp.com\/shop.regedent.com\/it\/wp-content\/uploads\/2021\/01\/Capture.jpg?resize=768%2C529&amp;ssl=1 768w, https:\/\/i0.wp.com\/shop.regedent.com\/it\/wp-content\/uploads\/2021\/01\/Capture.jpg?resize=16%2C12&amp;ssl=1 16w, https:\/\/i0.wp.com\/shop.regedent.com\/it\/wp-content\/uploads\/2021\/01\/Capture.jpg?resize=24%2C17&amp;ssl=1 24w, https:\/\/i0.wp.com\/shop.regedent.com\/it\/wp-content\/uploads\/2021\/01\/Capture.jpg?resize=36%2C25&amp;ssl=1 36w, https:\/\/i0.wp.com\/shop.regedent.com\/it\/wp-content\/uploads\/2021\/01\/Capture.jpg?resize=48%2C33&amp;ssl=1 48w, https:\/\/i0.wp.com\/shop.regedent.com\/it\/wp-content\/uploads\/2021\/01\/Capture.jpg?w=946&amp;ssl=1 946w\" sizes=\"(max-width: 300px) 100vw, 300px\" data-recalc-dims=\"1\" \/><\/strong><\/p>\n<h4>Le azioni molteplici dell&#8217;acido ialuronico in Hyadent BG<\/h4>\n<ol>\n<li>Attira il sangue<\/li>\n<li>Stabilizza il coagulo e supporta la rigenerazione dei tessuti<\/li>\n<li>L&#8217;effetto batteriostatico fornisce protezione<\/li>\n<li>I fattori di crescita sono attratti dall&#8217;acido ialuronico<\/li>\n<li>Riduce l&#8217;infiammazione e accelera l&#8217;angiogenesi<\/li>\n<\/ol>\n<p>&nbsp;<\/p>\n<p>&nbsp;<\/p>\n<h4><strong><img loading=\"lazy\" decoding=\"async\" class=\"alignleft wp-image-12030 size-medium\" src=\"https:\/\/i0.wp.com\/shop.regedent.com\/it\/wp-content\/uploads\/2021\/08\/FOTOGRAFICA_05_Hyadent-Bone_Regedent_FTA1591_Druck.jpg?resize=300%2C200&#038;ssl=1\" alt=\"Sticky bone with Hyadent BG cross-linked hyaluronic acid gel xHyA\" width=\"300\" height=\"200\" srcset=\"https:\/\/i0.wp.com\/shop.regedent.com\/it\/wp-content\/uploads\/2021\/08\/FOTOGRAFICA_05_Hyadent-Bone_Regedent_FTA1591_Druck-scaled.jpg?resize=300%2C200&amp;ssl=1 300w, https:\/\/i0.wp.com\/shop.regedent.com\/it\/wp-content\/uploads\/2021\/08\/FOTOGRAFICA_05_Hyadent-Bone_Regedent_FTA1591_Druck-scaled.jpg?resize=600%2C400&amp;ssl=1 600w, https:\/\/i0.wp.com\/shop.regedent.com\/it\/wp-content\/uploads\/2021\/08\/FOTOGRAFICA_05_Hyadent-Bone_Regedent_FTA1591_Druck-scaled.jpg?resize=1024%2C683&amp;ssl=1 1024w, https:\/\/i0.wp.com\/shop.regedent.com\/it\/wp-content\/uploads\/2021\/08\/FOTOGRAFICA_05_Hyadent-Bone_Regedent_FTA1591_Druck-scaled.jpg?resize=768%2C512&amp;ssl=1 768w, https:\/\/i0.wp.com\/shop.regedent.com\/it\/wp-content\/uploads\/2021\/08\/FOTOGRAFICA_05_Hyadent-Bone_Regedent_FTA1591_Druck-scaled.jpg?resize=1536%2C1024&amp;ssl=1 1536w, https:\/\/i0.wp.com\/shop.regedent.com\/it\/wp-content\/uploads\/2021\/08\/FOTOGRAFICA_05_Hyadent-Bone_Regedent_FTA1591_Druck-scaled.jpg?resize=2048%2C1365&amp;ssl=1 2048w, https:\/\/i0.wp.com\/shop.regedent.com\/it\/wp-content\/uploads\/2021\/08\/FOTOGRAFICA_05_Hyadent-Bone_Regedent_FTA1591_Druck-scaled.jpg?resize=16%2C12&amp;ssl=1 16w, https:\/\/i0.wp.com\/shop.regedent.com\/it\/wp-content\/uploads\/2021\/08\/FOTOGRAFICA_05_Hyadent-Bone_Regedent_FTA1591_Druck-scaled.jpg?resize=480%2C320&amp;ssl=1 480w, https:\/\/i0.wp.com\/shop.regedent.com\/it\/wp-content\/uploads\/2021\/08\/FOTOGRAFICA_05_Hyadent-Bone_Regedent_FTA1591_Druck-scaled.jpg?resize=1320%2C880&amp;ssl=1 1320w, https:\/\/i0.wp.com\/shop.regedent.com\/it\/wp-content\/uploads\/2021\/08\/FOTOGRAFICA_05_Hyadent-Bone_Regedent_FTA1591_Druck-scaled.jpg?resize=24%2C16&amp;ssl=1 24w, https:\/\/i0.wp.com\/shop.regedent.com\/it\/wp-content\/uploads\/2021\/08\/FOTOGRAFICA_05_Hyadent-Bone_Regedent_FTA1591_Druck-scaled.jpg?resize=36%2C24&amp;ssl=1 36w, https:\/\/i0.wp.com\/shop.regedent.com\/it\/wp-content\/uploads\/2021\/08\/FOTOGRAFICA_05_Hyadent-Bone_Regedent_FTA1591_Druck-scaled.jpg?resize=48%2C32&amp;ssl=1 48w, https:\/\/i0.wp.com\/shop.regedent.com\/it\/wp-content\/uploads\/2021\/08\/FOTOGRAFICA_05_Hyadent-Bone_Regedent_FTA1591_Druck-scaled.jpg?w=1960&amp;ssl=1 1960w\" sizes=\"(max-width: 300px) 100vw, 300px\" data-recalc-dims=\"1\" \/><\/strong>Effetti e modalit\u00e0 di azione in GBR con Hyadent BG<\/h4>\n<ol>\n<li>Forma un putty stabile con il sostituto osseo<\/li>\n<li>Attira il sangue<\/li>\n<li>Stabilizza il coagulo e supporta la rigenerazione tissutale<\/li>\n<li>I fattori di crescita sono attratti dall\u2019acido ialuronico<\/li>\n<li>L\u2019effetto batteriostatico fornisce protezione<\/li>\n<li>Riduce l\u2019infiammazione e accelera l\u2019angiogenesi<\/li>\n<\/ol>\n<p>&nbsp;<\/p>\n<p>[\/content_control]<\/p>\n<p>&nbsp;<\/p>\n<h4>Compozizione di Hyadent BG<\/h4>\n<p>1,0 ml Hyadent BG contiene :<\/p>\n<ul>\n<li>Acido ialuronico (HyA) 2,0 mg<\/li>\n<li>Acido ialuronico reticolato (xHyA): 16,0 mg<\/li>\n<li>Cloruro di sodio 6,9 mg<\/li>\n<li>Acqua per iniezione : 1,0 ml<\/li>\n<\/ul>\n<p>&nbsp;<\/p>\n<blockquote><p><a href=\"https:\/\/share.hsforms.com\/1S6zxocV2RjGdZmoTz2gvdQ47h6f\" target=\"_blank\" rel=\"noopener\">&gt; Scarica l&#8217;overview scientifica\u00a0<\/a><\/p><\/blockquote>\n<p>&nbsp;<\/p>\n<h4>Letteratura scientifica di Hyadent BG<\/h4>\n<p>1. Lee JY, Spicer AP. \u2018Hyaluronan: a multifunctional, megadalton, stealth molecule.\u2019 Curr Opin Cell Biol 2000;12:581\u2013586.<br \/>\n2. McDonald J, Hascall VC. \u2018Hyaluronan mini review series.\u2019 JBiol Chem 2002; 277:4575\u20134579.<br \/>\n3. Jiang D et al. \u2018Hyaluronan as an immune regulator in human diseases.\u2019 Physiol Rev 2011;91:221\u2013264.<br \/>\n4. Longaker T et al. \u2018Studies in Fetal Wound Healing: V. A prolonged presence of hyaluronic acid characterizes fetal wound healing.\u2019 Ann. Surg. 1991; April:292\u2013296.<br \/>\n5. Mast BA et al. \u2018Hyaluronic Acid Modulates Proliferation, Collagen and Protein Synthesis of Cultured Fetal Fibroblast.\u2019 Matrix, 1993;13:441\u2013446.<br \/>\n6. Asparuhova MB et al.. \u2018Activity of two hyaluronan preparations on primary human oral fibroblasts.\u2019 J Periodont Res. 2018;00:1\u201313.<br \/>\n7. Salbach J et al. \u2018Regenerative potential of glycosaminoglycans for skin and bone.\u2019 J Mol Med 2012;90:625\u2013635.<br \/>\n8. Muzaffer A et al. \u2018The Effect of Hyaluronic Acid-supplemented Bone Graft in Bone Healing: Experimental Study in Rabbits.\u2019 J Biomater Appl 2006 20:209<br \/>\n9. Sasaki T, Watanabe C. \u2018Stimulation of osteoinduction in bone wound healing by high-molecular hyaluronic acid.\u2019 Bone. Vol. 16. No.1 January 1995:9-15<br \/>\n10. Pirnazar P et al. \u2019Bacteriostatic effects of hyaluronic acid.\u2019 Journal of Periodontology 1999; 70:370-374<br \/>\n11. De Boulle K et al. \u201aA Review of the Metabolism of 1,4-Butanediol Diglycidyl Ether\u2013 Crosslinked Hyaluronic Acid Dermal Fillers.\u2019 Dermatologic Surgery 2013;39(12):1758-1766<br \/>\n12. Stiller M et al. \u2018Performance of \u03b2-tricalcium phosphate granules and putty, bone grafting materials after bilateral sinus floor augmentation in humans.\u2019 Biomaterials 2014;35(10):3154-3163.<br \/>\n13. Mendes RM et al. \u2018Sodium hyaluronate accelerates the healing process in tooth sockets of rat.\u2019 Arch Oral Biol 2008; 53:1155\u20131162<br \/>\n14. Eliezer M et al. \u2018Hyaluronic acid slows down collagen membrane degradation in uncontrolled diabetic rats.\u2019 J Periodontal Res. 2019;00:1\u20139.<br \/>\n15. Kessiena LA et al. \u2018Hyaluronan in wound healing: Rediscovering a major player.\u2019 Wound Rep Reg 2014;22:579-593. Dental Journal. (2017) Vol.42:104-11.<br \/>\n16. West DC et al. \u2018Angiogenesis induced by degradation products of hyaluronic acid.\u2019 Science. 1985 Jun 14;228(4705):1324-6.<br \/>\n17. Shirakata Y, Imafuji T, Nakamura T, Kawakami Y, Shinohara Y, Noguchi K, Pilloni A, Sculean A. Periodontal wound healing regeneration of two-wall intrabony defects following reconstructive surgery with cross-linked hyaluronic acid-gel with or without a collagen matrix: a preclinical study in dogs. Quintessence Int. 2021;0(0):308-316. doi: 10.3290\/j.qi.b937003. PMID: 33533237.<br \/>\n18. Y\u0131ld\u0131r\u0131m S, \u00d6zener H\u00d6, Do\u011fan B, Kuru B. Effect of topically applied hyaluronic acid on pain and palatal epithelial wound healing: An examiner-masked, randomized, controlled clinical trial. J Periodontol. 2018 Jan;89(1):36-45. doi: 10.1902\/jop.2017.170105. PMID: 28914592.<br \/>\n19. King, S.R., Hickerson, W.L. and Proctor, K.G. (1991) Beneficial Actions of Exogenous Hyaluronic Acid on Wound Healing. Surgery, 109, 76-86.<br \/>\n20. Fawzy ES. et al. Local application of hyaluronan gel in conjunction with periodontal surgery: a randomized controlled trial. Clin Oral Invest 2012;16:1229-1236<br \/>\n21. Briguglio, F. et al. Treatment of infrabony periodontal defects using a resorbable biopolymer of hyaluronic acid: A randomized clinical trial. Quintessence Int 2013;44:231-240<br \/>\n22. Shirakata Y, Nakamura T, Kawakami Y, Imafuji T, Shinohara Y, Noguchi K, Sculean A. Healing of buccal gingival recessions following treatment with coronally advanced flap alone or combined with a cross-linked hyaluronic acid gel. An experimental study in dogs. J Clin Periodontol. 2021. doi: 10.1111\/jcpe.13433.<br \/>\n23. Pilloni A, Schmidlin PR, Sahrmann P, Sculean A, Rojas MA. \u2018Effectiveness of adjunctive hyaluronic acid application in coronally advanced flap in Miller class I single gingival recession sites: a randomized controlled clinical trial, Clinical Oral Investigations<\/p>\n","protected":false},"excerpt":{"rendered":"<p>Gel di acido ialuronico reticolato\u00a0 &#8211; 2 x 1.2 ml fiale<\/p>\n","protected":false},"featured_media":12091,"template":"","meta":[],"product_cat":[235],"product_tag":[],"_links":{"self":[{"href":"https:\/\/shop.regedent.com\/it\/wp-json\/wp\/v2\/product\/11789"}],"collection":[{"href":"https:\/\/shop.regedent.com\/it\/wp-json\/wp\/v2\/product"}],"about":[{"href":"https:\/\/shop.regedent.com\/it\/wp-json\/wp\/v2\/types\/product"}],"wp:featuredmedia":[{"embeddable":true,"href":"https:\/\/shop.regedent.com\/it\/wp-json\/wp\/v2\/media\/12091"}],"wp:attachment":[{"href":"https:\/\/shop.regedent.com\/it\/wp-json\/wp\/v2\/media?parent=11789"}],"wp:term":[{"taxonomy":"product_cat","embeddable":true,"href":"https:\/\/shop.regedent.com\/it\/wp-json\/wp\/v2\/product_cat?post=11789"},{"taxonomy":"product_tag","embeddable":true,"href":"https:\/\/shop.regedent.com\/it\/wp-json\/wp\/v2\/product_tag?post=11789"}],"curies":[{"name":"wp","href":"https:\/\/api.w.org\/{rel}","templated":true}]}}